{"id":11,"date":"2024-02-25T17:41:38","date_gmt":"2024-02-25T16:41:38","guid":{"rendered":"https:\/\/www.woodstockenboi.org\/shop\/?page_id=11"},"modified":"2024-03-11T13:38:44","modified_gmt":"2024-03-11T12:38:44","slug":"impressum","status":"publish","type":"page","link":"https:\/\/www.woodstockenboi.org\/shop\/impressum\/","title":{"rendered":"Impressum"},"content":{"rendered":"<div class=\"newspost\">\n<h2 class=\"title\">Booking Anfragen an<\/h2>\n<div class=\"body\">\n<div class=\"center\">\n<div><a href=\"mailto:booking@woodstockenboi.org\">booking[at]woodstockenboi.org<\/a><\/div>\n<\/div>\n<\/div>\n<\/div>\n<div class=\"newspost\">\n<h2 class=\"title\">Generelle Anfragen an<\/h2>\n<div class=\"body\">\n<div class=\"center\">\n<div><a href=\"mailto:info@woodstockenboi.org\">info[at]woodstockenboi.org<\/a><\/div>\n<\/div>\n<\/div>\n<\/div>\n<div class=\"newspost\">\n<h2 class=\"title\">Haftungsauschluss<\/h2>\n<div class=\"body\">Die Informationen auf dieser Website erfolgen nach bestem Wissen und Gewissen und entstammen Quellen die vom Kulturverein pastART f\u00fcr verl\u00e4sslich gehalten werden. F\u00fcr die Weiterverwendung der Informationen von dieser Website \u00fcbernehmen wir keinerlei Haftung gegen\u00fcber Personen oder Firmen. Diese Website repr\u00e4sentiert keine der anderen \u00fcber sie erreichbaren Websites. Daher \u00fcbernimmt sie auch keine Verantwortung f\u00fcr die Inhalte dieser Seiten.<\/div>\n<\/div>\n<p>\u00a9 2004-2024 Kulturverein pastART<br \/>\nZVR-Zahl 677320327<br \/>\nzH kulturhof:villach<br \/>\nLederergasse 15<br \/>\n9500 Villach<\/p>\n","protected":false},"excerpt":{"rendered":"<p>Booking Anfragen an booking[at]woodstockenboi.org Generelle Anfragen an info[at]woodstockenboi.org Haftungsauschluss Die Informationen auf dieser Website erfolgen nach bestem Wissen und Gewissen und entstammen Quellen die vom Kulturverein pastART f\u00fcr verl\u00e4sslich gehalten werden. F\u00fcr die Weiterverwendung der Informationen von dieser Website \u00fcbernehmen wir keinerlei Haftung gegen\u00fcber Personen oder Firmen. Diese Website repr\u00e4sentiert keine der anderen \u00fcber sie [&hellip;]<\/p>\n","protected":false},"author":1,"featured_media":0,"parent":0,"menu_order":0,"comment_status":"closed","ping_status":"closed","template":"","meta":{"footnotes":""},"class_list":["post-11","page","type-page","status-publish","hentry"],"_links":{"self":[{"href":"https:\/\/www.woodstockenboi.org\/shop\/wp-json\/wp\/v2\/pages\/11","targetHints":{"allow":["GET"]}}],"collection":[{"href":"https:\/\/www.woodstockenboi.org\/shop\/wp-json\/wp\/v2\/pages"}],"about":[{"href":"https:\/\/www.woodstockenboi.org\/shop\/wp-json\/wp\/v2\/types\/page"}],"author":[{"embeddable":true,"href":"https:\/\/www.woodstockenboi.org\/shop\/wp-json\/wp\/v2\/users\/1"}],"replies":[{"embeddable":true,"href":"https:\/\/www.woodstockenboi.org\/shop\/wp-json\/wp\/v2\/comments?post=11"}],"version-history":[{"count":5,"href":"https:\/\/www.woodstockenboi.org\/shop\/wp-json\/wp\/v2\/pages\/11\/revisions"}],"predecessor-version":[{"id":348,"href":"https:\/\/www.woodstockenboi.org\/shop\/wp-json\/wp\/v2\/pages\/11\/revisions\/348"}],"wp:attachment":[{"href":"https:\/\/www.woodstockenboi.org\/shop\/wp-json\/wp\/v2\/media?parent=11"}],"curies":[{"name":"wp","href":"https:\/\/api.w.org\/{rel}","templated":true}]}}