{"id":13,"date":"2024-02-25T17:41:38","date_gmt":"2024-02-25T16:41:38","guid":{"rendered":"https:\/\/www.woodstockenboi.org\/shop\/?page_id=13"},"modified":"2024-03-11T10:21:07","modified_gmt":"2024-03-11T09:21:07","slug":"agb","status":"publish","type":"page","link":"https:\/\/www.woodstockenboi.org\/shop\/agb\/","title":{"rendered":"AGB"},"content":{"rendered":"\n<p>1) GELTUNGSBEREICH<br>1.1\u2009Diese Allgemeinen Gesch\u00e4ftsbedingungen (nachfolgend \u201cAGB\u201d) des Kulturvereins pastART (nachfolgend \u201cVerk\u00e4ufer\u201d), gelten f\u00fcr alle Vertr\u00e4ge \u00fcber die Lieferung von Tickets, die ein Verbraucher oder Unternehmer (nachfolgend \u201eKunde\u201c) mit dem Verk\u00e4ufer hinsichtlich der vom Verk\u00e4ufer in seinem Online-Shop dargestellten Tickets und den Merchandise Artikel abschlie\u00dft. Hiermit wird der Einbeziehung von eigenen Bedingungen des Kunden widersprochen, es sei denn, es ist etwas anderes vereinbart.<\/p>\n\n\n\n<p>1.2\u2009Verbraucher im Sinne dieser AGB ist jede nat\u00fcrliche Person, die ein Rechtsgesch\u00e4ft zu Zwecken abschlie\u00dft, die \u00fcberwiegend weder ihrer gewerblichen noch ihrer selbst\u00e4ndigen beruflichen T\u00e4tigkeit zugerechnet werden k\u00f6nnen. Unternehmer im Sinne dieser AGB ist eine nat\u00fcrliche oder juristische Person oder eine rechtsf\u00e4hige Personengesellschaft, die bei Abschluss eines Rechtsgesch\u00e4fts in Aus\u00fcbung ihrer gewerblichen oder selbst\u00e4ndigen beruflichen T\u00e4tigkeit handelt.<\/p>\n\n\n\n<p>1.3\u2009Diese AGB regeln lediglich den Verkauf von Tickets f\u00fcr bestimmte, in der Artikelbeschreibung des Verk\u00e4ufers n\u00e4her bezeichnete Veranstaltungen und nicht die Durchf\u00fchrung dieser Veranstaltungen und den Verkauf von Merchandise Artikel. F\u00fcr die Durchf\u00fchrung der Veranstaltungen gelten ausschlie\u00dflich die gesetzlichen Bestimmungen im Verh\u00e4ltnis zwischen dem Kunden und dem Veranstalter sowie ggf. hiervon abweichende Bedingungen des Veranstalters. Sofern der Verk\u00e4ufer nicht zugleich auch Veranstalter ist, haftet er nicht f\u00fcr die ordnungsgem\u00e4\u00dfe Durchf\u00fchrung der Veranstaltung, f\u00fcr die ausschlie\u00dflich der jeweilige Veranstalter verantwortlich ist.<\/p>\n\n\n\n<p>2) VERTRAGSSCHLUSS<br>2.1\u2009Die im Online-Shop des Verk\u00e4ufers enthaltenen Artikelbeschreibungen stellen keine verbindlichen Angebote seitens des Verk\u00e4ufers dar, sondern dienen zur Abgabe eines verbindlichen Angebots durch den Kunden.<\/p>\n\n\n\n<p>2.2\u2009Der Kunde kann das Angebot \u00fcber das in den Online-Shop des Verk\u00e4ufers integrierte Online-Bestellformular abgeben. Dabei gibt der Kunde, nachdem er die ausgew\u00e4hlten Tickets in den virtuellen Warenkorb gelegt und den elektronischen Bestellprozess durchlaufen hat, durch Klicken des den Bestellvorgang abschlie\u00dfenden Buttons ein rechtlich verbindliches Vertragsangebot in Bezug auf die im Warenkorb enthaltenen Tickets ab. Selbiges Prozedere gilt auch f\u00fcr den virtuellen Warenkorb f\u00fcr Merchandise-Artikel, die im Online-Shop getrennt behandelt werden.<\/p>\n\n\n\n<p>2.3\u2009Der Verk\u00e4ufer kann das Angebot des Kunden innerhalb von f\u00fcnf Tagen annehmen,<\/p>\n\n\n\n<p>indem er dem Kunden eine schriftliche Auftragsbest\u00e4tigung oder eine Auftragsbest\u00e4tigung in Textform (E-Mail) \u00fcbermittelt, wobei insoweit der Zugang der Auftragsbest\u00e4tigung beim Kunden ma\u00dfgeblich ist, oder<br>indem er dem Kunden die bestellten Tickets liefert, wobei insoweit der Zugang der Tickets beim Kunden ma\u00dfgeblich ist, oder<br>indem er den Kunden nach Abgabe von dessen Bestellung zur Zahlung auffordert. Auch hier die Bestellungen der Merchandise-Artikel wird mit der Zahlung rechtskr\u00e4ftig angenommen.<br>Liegen mehrere der vorgenannten Alternativen vor, kommt der Vertrag in dem Zeitpunkt zustande, in dem eine der vorgenannten Alternativen zuerst eintritt. Die Frist zur Annahme des Angebots beginnt am Tag nach der Absendung des Angebots durch den Kunden zu laufen und endet mit dem Ablauf des f\u00fcnften Tages, welcher auf die Absendung des Angebots folgt. Nimmt der Verk\u00e4ufer das Angebot des Kunden innerhalb vorgenannter Frist nicht an, so gilt dies als Ablehnung des Angebots mit der Folge, dass der Kunde nicht mehr an seine Willenserkl\u00e4rung gebunden ist.<\/p>\n\n\n\n<p>2.4\u2009Bei der Abgabe eines Angebots \u00fcber das Online-Bestellformular des Verk\u00e4ufers wird der Vertragstext nach dem Vertragsschluss vom Verk\u00e4ufer gespeichert und dem Kunden nach Absendung von dessen Bestellung in Textform (z. B. E-Mail) \u00fcbermittelt. Eine dar\u00fcber hinausgehende Zug\u00e4nglichmachung des Vertragstextes durch den Verk\u00e4ufer erfolgt nicht.<\/p>\n\n\n\n<p>2.5\u2009Vor verbindlicher Abgabe der Bestellung \u00fcber das Online-Bestellformular des Verk\u00e4ufers kann der Kunde m\u00f6gliche Eingabefehler durch aufmerksames Lesen der auf dem Bildschirm dargestellten Informationen erkennen. Ein wirksames technisches Mittel zur besseren Erkennung von Eingabefehlern kann dabei die Vergr\u00f6\u00dferungsfunktion des Browsers sein, mit deren Hilfe die Darstellung auf dem Bildschirm vergr\u00f6\u00dfert wird. Seine Eingaben kann der Kunde im Rahmen des elektronischen Bestellprozesses so lange \u00fcber die \u00fcblichen Tastatur- und Mausfunktionen korrigieren, bis er den den Bestellvorgang abschlie\u00dfenden Button anklickt.<\/p>\n\n\n\n<p>2.6\u2009F\u00fcr den Vertragsschluss steht ausschlie\u00dflich die deutsche Sprache zur Verf\u00fcgung.<\/p>\n\n\n\n<p>2.7\u2009Die Bestellabwicklung und Kontaktaufnahme finden in der Regel per E-Mail und automatisierter Bestellabwicklung statt. Der Kunde hat sicherzustellen, dass die von ihm zur Bestellabwicklung angegebene E-Mail-Adresse zutreffend ist, so dass unter dieser Adresse die vom Verk\u00e4ufer versandten E-Mails empfangen werden k\u00f6nnen. Insbesondere hat der Kunde bei dem Einsatz von SPAM-Filtern sicherzustellen, dass alle vom Verk\u00e4ufer oder von diesem mit der Bestellabwicklung beauftragten Dritten versandten E-Mails zugestellt werden k\u00f6nnen.<\/p>\n\n\n\n<p>3) WIDERRUFSRECHT<br>3.1 \u2009Eine Ticketr\u00fccknahme (Tausch oder R\u00fcckkauf) ist \u2013 mit Ausnahme einer vollst\u00e4ndigen Absage durch den Veranstalter \u2013 nicht m\u00f6glich.<\/p>\n\n\n\n<p>3.2 Die Merchandise-Artikel werden als Produkte mehrere K\u00fcnstler vertrieben und erheben sich ebenfalls \u00fcber das Widerrufsrecht. Umtausch der Ware ist in Kulanzgr\u00fcnden m\u00f6glich, dies wird direkt per E-Mail mit dem Verk\u00e4ufer abgewickelt.<\/p>\n\n\n\n<p>4) PREISE UND ZAHLUNGSBEDINGUNGEN<br>4.1\u2009Sofern sich aus der Artikelbeschreibung des Verk\u00e4ufers nichts anderes ergibt, handelt es sich bei den angegebenen Preisen um Gesamtpreise, die die gesetzliche Umsatzsteuer enthalten.<\/p>\n\n\n\n<p>4.2\u2009Die Zahlungsm\u00f6glichkeit\/en wird\/werden dem Kunden im Online-Shop des Verk\u00e4ufers mitgeteilt.<\/p>\n\n\n\n<p>5) LIEFER- UND VERSANDBEDINGUNGEN<br>5.1 Tickets werden dem Kunden per Download \u00fcberlassen (Link in einer E-Mail)<\/p>\n\n\n\n<p>5.2 Merchandise-Artikel werden grunds\u00e4tzlich geliefert, auf welchem Weg entscheidet der Standort des K\u00e4ufers. Der Verk\u00e4ufer beh\u00e4lt sich vor, individuelle Lieferungen zu t\u00e4tigen.<\/p>\n\n\n\n<p>6) EINL\u00d6SUNG VON TICKETS<br>6.1\u2009Das Ticket kann nur einmal und nur zu dem auf dem Ticket angegebenen Termin an dem auf dem Ticket angegebenen Veranstaltungsort eingel\u00f6st werden.<\/p>\n\n\n\n<p>6.2\u2009Das Ticket ist nur f\u00fcr die Verwendung durch die auf ihm benannte Person bestimmt. Eine \u00dcbertragung des Tickets auf Dritte ist ausgeschlossen, au\u00dfer dies geschieht durch eine virtuelle Ticketb\u00f6rse im Vorhinein. Ist der Verk\u00e4ufer zugleich auch Veranstalter, ist er berechtigt, jedoch nicht verpflichtet, die materielle Anspruchsberechtigung des jeweiligen Ticketinhabers zu pr\u00fcfen.<\/p>\n\n\n\n<p>7) M\u00c4NGELHAFTUNG (GEW\u00c4HRLEISTUNG)<br>Ist die Kaufsache mangelhaft, gelten die Vorschriften der gesetzlichen M\u00e4ngelhaftung.<\/p>\n\n\n\n<p>8) ANWENDBARES RECHT<br>F\u00fcr s\u00e4mtliche Rechtsbeziehungen der Parteien gilt das Recht der Republik \u00d6sterreich unter Ausschluss der Gesetze \u00fcber den internationalen Kauf beweglicher Waren. Bei Verbrauchern gilt diese Rechtswahl nur insoweit, als nicht der gew\u00e4hrte Schutz durch zwingende Bestimmungen des Rechts des Staates, in dem der Verbraucher seinen gew\u00f6hnlichen Aufenthalt hat, entzogen wird.<\/p>\n\n\n\n<p>9) GERICHTSSTAND<br>Handelt der Kunde als Kaufmann, juristische Person des \u00f6ffentlichen Rechts oder \u00f6ffentlich-rechtliches Sonderverm\u00f6gen mit Sitz im Hoheitsgebiet der Republik \u00d6sterreich, ist ausschlie\u00dflicher Gerichtsstand f\u00fcr alle Streitigkeiten aus diesem Vertrag der Gesch\u00e4ftssitz des Verk\u00e4ufers. Hat der Kunde seinen Sitz au\u00dferhalb des Hoheitsgebiets der Republik \u00d6sterreich, so ist der Gesch\u00e4ftssitz des Verk\u00e4ufers ausschlie\u00dflicher Gerichtsstand f\u00fcr alle Streitigkeiten aus diesem Vertrag, wenn der Vertrag oder Anspr\u00fcche aus dem Vertrag der beruflichen oder gewerblichen T\u00e4tigkeit des Kunden zugerechnet werden k\u00f6nnen. Der Verk\u00e4ufer ist in den vorstehenden F\u00e4llen jedoch in jedem Fall berechtigt, das Gericht am Sitz des Kunden anzurufen.<\/p>\n\n\n\n<p>10) ALTERNATIVE STREITBEILEGUNG<br>10.1\u2009Die EU-Kommission stellt im Internet unter folgendem Link eine Plattform zur Online-Streitbeilegung bereit: https:\/\/ec.europa.eu\/consumers\/odr<\/p>\n\n\n\n<p>Diese Plattform dient als Anlaufstelle zur au\u00dfergerichtlichen Beilegung von Streitigkeiten aus Online-Kauf- oder Dienstleistungsvertr\u00e4gen, an denen ein Verbraucher beteiligt ist.<\/p>\n\n\n\n<p>10.2\u2009Der Verk\u00e4ufer ist zur Teilnahme an einem Streitbeilegungsverfahren vor einer Verbraucherschlichtungsstelle weder verpflichtet noch bereit.<\/p>\n","protected":false},"excerpt":{"rendered":"<p>1) GELTUNGSBEREICH1.1\u2009Diese Allgemeinen Gesch\u00e4ftsbedingungen (nachfolgend \u201cAGB\u201d) des Kulturvereins pastART (nachfolgend \u201cVerk\u00e4ufer\u201d), gelten f\u00fcr alle Vertr\u00e4ge \u00fcber die Lieferung von Tickets, die ein Verbraucher oder Unternehmer (nachfolgend \u201eKunde\u201c) mit dem Verk\u00e4ufer hinsichtlich der vom Verk\u00e4ufer in seinem Online-Shop dargestellten Tickets und den Merchandise Artikel abschlie\u00dft. Hiermit wird der Einbeziehung von eigenen Bedingungen des Kunden widersprochen, es [&hellip;]<\/p>\n","protected":false},"author":1,"featured_media":0,"parent":0,"menu_order":0,"comment_status":"closed","ping_status":"closed","template":"","meta":{"footnotes":""},"class_list":["post-13","page","type-page","status-publish","hentry"],"_links":{"self":[{"href":"https:\/\/www.woodstockenboi.org\/shop\/wp-json\/wp\/v2\/pages\/13","targetHints":{"allow":["GET"]}}],"collection":[{"href":"https:\/\/www.woodstockenboi.org\/shop\/wp-json\/wp\/v2\/pages"}],"about":[{"href":"https:\/\/www.woodstockenboi.org\/shop\/wp-json\/wp\/v2\/types\/page"}],"author":[{"embeddable":true,"href":"https:\/\/www.woodstockenboi.org\/shop\/wp-json\/wp\/v2\/users\/1"}],"replies":[{"embeddable":true,"href":"https:\/\/www.woodstockenboi.org\/shop\/wp-json\/wp\/v2\/comments?post=13"}],"version-history":[{"count":1,"href":"https:\/\/www.woodstockenboi.org\/shop\/wp-json\/wp\/v2\/pages\/13\/revisions"}],"predecessor-version":[{"id":343,"href":"https:\/\/www.woodstockenboi.org\/shop\/wp-json\/wp\/v2\/pages\/13\/revisions\/343"}],"wp:attachment":[{"href":"https:\/\/www.woodstockenboi.org\/shop\/wp-json\/wp\/v2\/media?parent=13"}],"curies":[{"name":"wp","href":"https:\/\/api.w.org\/{rel}","templated":true}]}}